{"id":19,"date":"2025-09-19T13:16:31","date_gmt":"2025-09-19T10:16:31","guid":{"rendered":"https:\/\/www.gulaydinbeauty.com\/en\/?page_id=19"},"modified":"2025-09-26T16:01:23","modified_gmt":"2025-09-26T13:01:23","slug":"contact","status":"publish","type":"page","link":"https:\/\/www.gulaydinbeauty.com\/en\/contact\/","title":{"rendered":"Contact"},"content":{"rendered":"<div class=\"row\">\n<div class=\"col-md-6\"><iframe loading=\"lazy\" style=\"border: 0;\" src=\"https:\/\/www.google.com\/maps\/embed?pb=!1m18!1m12!1m3!1d3012.932679285446!2d29.0795595!3d40.9610536!2m3!1f0!2f0!3f0!3m2!1i1024!2i768!4f13.1!3m3!1m2!1s0x14cac773f406efbf%3A0xb061750ff2eec2c9!2sG%C3%BCl%20Ayd%C4%B1n%20Beauty%20%7C%20T%C3%BCy%20Saratma%20-%20D%C3%B6vme%20Silme%20-%20Ka%C5%9F%20Silme%20-%20B%C3%B6lgesel%20%C4%B0ncelme%20-%20Karbon%20Peeling!5e0!3m2!1str!2str!4v1758279916254!5m2!1str!2str\" width=\"100%\" height=\"450\" allowfullscreen=\"allowfullscreen\"><\/iframe><\/div>\n<div class=\"col-md-6\">\n<h3>Contact Information<\/h3>\n<p><strong>Address :<\/strong> Suadiye, Ba\u011fdat Cad. G\u00fcne\u015f Apt No:405 K:3 D:7, 34740 Kad\u0131k\u00f6y\/\u0130stanbul<\/p>\n<p><strong>Phone :<\/strong> <a href=\"tel:+90 533 508 67 38\">+90 533 508 67 38<\/a><\/p>\n<p><strong>Whatsapp :<\/strong> <a href=\"https:\/\/api.whatsapp.com\/send?phone=905335086738\" target=\"_blank\" rel=\"noopener\">+90 533 508 67 38<\/a><\/p>\n<p><strong>E-Mail :<\/strong><a href=\"mailto:info@gulaydinbeauty.com\">info@gulaydinbeauty.com<\/a><\/p>\n<h3>Working Hours<\/h3>\n<p><strong>Monday &#8211; Friday :<\/strong> 10:00 \u2013 19:00<\/p>\n<p><strong>Saturday: <\/strong>10:00 \u2013 19:00<\/p>\n<p><strong>Sunday: <\/strong>Closed<\/p>\n<\/div>\n<\/div>\n<hr \/>\n","protected":false},"excerpt":{"rendered":"<p>Contact Information Address : Suadiye, Ba\u011fdat Cad. G\u00fcne\u015f Apt No:405 K:3 D:7, 34740 Kad\u0131k\u00f6y\/\u0130stanbul Phone : +90 533 508 67 38 Whatsapp : +90 533 508 67 38 E-Mail :info@gulaydinbeauty.com Working Hours Monday &#8211; Friday : 10:00 \u2013 19:00 Saturday: 10:00 \u2013 19:00 Sunday: Closed<\/p>\n","protected":false},"author":1,"featured_media":0,"parent":0,"menu_order":0,"comment_status":"closed","ping_status":"closed","template":"","meta":{"footnotes":""},"class_list":["post-19","page","type-page","status-publish","hentry"],"_links":{"self":[{"href":"https:\/\/www.gulaydinbeauty.com\/en\/wp-json\/wp\/v2\/pages\/19","targetHints":{"allow":["GET"]}}],"collection":[{"href":"https:\/\/www.gulaydinbeauty.com\/en\/wp-json\/wp\/v2\/pages"}],"about":[{"href":"https:\/\/www.gulaydinbeauty.com\/en\/wp-json\/wp\/v2\/types\/page"}],"author":[{"embeddable":true,"href":"https:\/\/www.gulaydinbeauty.com\/en\/wp-json\/wp\/v2\/users\/1"}],"replies":[{"embeddable":true,"href":"https:\/\/www.gulaydinbeauty.com\/en\/wp-json\/wp\/v2\/comments?post=19"}],"version-history":[{"count":5,"href":"https:\/\/www.gulaydinbeauty.com\/en\/wp-json\/wp\/v2\/pages\/19\/revisions"}],"predecessor-version":[{"id":379,"href":"https:\/\/www.gulaydinbeauty.com\/en\/wp-json\/wp\/v2\/pages\/19\/revisions\/379"}],"wp:attachment":[{"href":"https:\/\/www.gulaydinbeauty.com\/en\/wp-json\/wp\/v2\/media?parent=19"}],"curies":[{"name":"wp","href":"https:\/\/api.w.org\/{rel}","templated":true}]}}